{"id":10,"date":"2020-12-14T17:07:43","date_gmt":"2020-12-14T17:07:43","guid":{"rendered":"http:\/\/www.sos-otevirani.cz\/?page_id=10"},"modified":"2020-12-15T08:55:08","modified_gmt":"2020-12-15T08:55:08","slug":"kontakt","status":"publish","type":"page","link":"https:\/\/www.sos-otevirani.cz\/index.php\/kontakt\/","title":{"rendered":"Kontakt"},"content":{"rendered":"\n<p>Jan Barto\u0161<br>I\u010c:65448154<br>Str\u00e1\u017eovsk\u00e1 1319\/21<br>153 00, Praha 5<\/p>\n\n\n\n<p class=\"has-medium-font-size\">TEL: +420 732 100 123<\/p>\n\n\n\n<p>E-mail: <a rel=\"noreferrer noopener\" href=\"mailto:info@sos-otevirani.cz\" target=\"_blank\" data-type=\"mailto\" data-id=\"mailto:info@sos-otevirani.cz\">info@sos-otevirani.cz<\/a><\/p>\n\n\n\n<p><\/p>\n\n\n\n<figure class=\"wp-block-image size-large\"><img loading=\"lazy\" width=\"200\" height=\"200\" src=\"https:\/\/www.sos-otevirani.cz\/wp-content\/uploads\/2020\/12\/qr-otevirani.png\" alt=\"\" class=\"wp-image-45\" srcset=\"https:\/\/www.sos-otevirani.cz\/wp-content\/uploads\/2020\/12\/qr-otevirani.png 200w, https:\/\/www.sos-otevirani.cz\/wp-content\/uploads\/2020\/12\/qr-otevirani-150x150.png 150w, https:\/\/www.sos-otevirani.cz\/wp-content\/uploads\/2020\/12\/qr-otevirani-100x100.png 100w\" sizes=\"(max-width: 200px) 100vw, 200px\" \/><\/figure>\n","protected":false},"excerpt":{"rendered":"<p>Jan Barto\u0161I\u010c:65448154Str\u00e1\u017eovsk\u00e1 1319\/21153 00, Praha 5 TEL: +420 732 100 123 E-mail: info@sos-otevirani.cz<\/p>\n","protected":false},"author":1,"featured_media":0,"parent":0,"menu_order":0,"comment_status":"closed","ping_status":"closed","template":"","meta":[],"_links":{"self":[{"href":"https:\/\/www.sos-otevirani.cz\/index.php\/wp-json\/wp\/v2\/pages\/10"}],"collection":[{"href":"https:\/\/www.sos-otevirani.cz\/index.php\/wp-json\/wp\/v2\/pages"}],"about":[{"href":"https:\/\/www.sos-otevirani.cz\/index.php\/wp-json\/wp\/v2\/types\/page"}],"author":[{"embeddable":true,"href":"https:\/\/www.sos-otevirani.cz\/index.php\/wp-json\/wp\/v2\/users\/1"}],"replies":[{"embeddable":true,"href":"https:\/\/www.sos-otevirani.cz\/index.php\/wp-json\/wp\/v2\/comments?post=10"}],"version-history":[{"count":3,"href":"https:\/\/www.sos-otevirani.cz\/index.php\/wp-json\/wp\/v2\/pages\/10\/revisions"}],"predecessor-version":[{"id":46,"href":"https:\/\/www.sos-otevirani.cz\/index.php\/wp-json\/wp\/v2\/pages\/10\/revisions\/46"}],"wp:attachment":[{"href":"https:\/\/www.sos-otevirani.cz\/index.php\/wp-json\/wp\/v2\/media?parent=10"}],"curies":[{"name":"wp","href":"https:\/\/api.w.org\/{rel}","templated":true}]}}