{"id":8,"date":"2020-12-14T17:07:43","date_gmt":"2020-12-14T17:07:43","guid":{"rendered":"http:\/\/www.sos-otevirani.cz\/?page_id=8"},"modified":"2020-12-15T09:09:37","modified_gmt":"2020-12-15T09:09:37","slug":"domu","status":"publish","type":"page","link":"https:\/\/www.sos-otevirani.cz\/","title":{"rendered":"POHOTOVOST"},"content":{"rendered":"\n<p class=\"has-medium-font-size\">Rychl\u00e9 a levn\u00e9 otev\u0159en\u00ed zabouchnut\u00fdch i zam\u010den\u00fdch dve\u0159\u00ed<br>dojezd v Praze do 30 minut<\/p>\n\n\n\n<p class=\"has-vivid-red-color has-text-color\" style=\"font-size:23px\"><strong>VOLEJTE<br>+420 732 100 123<\/strong><\/p>\n","protected":false},"excerpt":{"rendered":"<p>Rychl\u00e9 a levn\u00e9 otev\u0159en\u00ed zabouchnut\u00fdch i zam\u010den\u00fdch dve\u0159\u00eddojezd v Praze do 30 minut VOLEJTE+420 732 100 123<\/p>\n","protected":false},"author":1,"featured_media":0,"parent":0,"menu_order":0,"comment_status":"closed","ping_status":"closed","template":"","meta":[],"_links":{"self":[{"href":"https:\/\/www.sos-otevirani.cz\/index.php\/wp-json\/wp\/v2\/pages\/8"}],"collection":[{"href":"https:\/\/www.sos-otevirani.cz\/index.php\/wp-json\/wp\/v2\/pages"}],"about":[{"href":"https:\/\/www.sos-otevirani.cz\/index.php\/wp-json\/wp\/v2\/types\/page"}],"author":[{"embeddable":true,"href":"https:\/\/www.sos-otevirani.cz\/index.php\/wp-json\/wp\/v2\/users\/1"}],"replies":[{"embeddable":true,"href":"https:\/\/www.sos-otevirani.cz\/index.php\/wp-json\/wp\/v2\/comments?post=8"}],"version-history":[{"count":4,"href":"https:\/\/www.sos-otevirani.cz\/index.php\/wp-json\/wp\/v2\/pages\/8\/revisions"}],"predecessor-version":[{"id":49,"href":"https:\/\/www.sos-otevirani.cz\/index.php\/wp-json\/wp\/v2\/pages\/8\/revisions\/49"}],"wp:attachment":[{"href":"https:\/\/www.sos-otevirani.cz\/index.php\/wp-json\/wp\/v2\/media?parent=8"}],"curies":[{"name":"wp","href":"https:\/\/api.w.org\/{rel}","templated":true}]}}